{"id":212,"date":"2025-02-14T12:18:16","date_gmt":"2025-02-14T12:18:16","guid":{"rendered":"http:\/\/novareva.pl\/?page_id=212"},"modified":"2025-02-14T16:12:33","modified_gmt":"2025-02-14T16:12:33","slug":"nova-reva","status":"publish","type":"page","link":"https:\/\/novareva.pl\/","title":{"rendered":"NOVA REVA"},"content":{"rendered":"\t\t<div data-elementor-type=\"wp-page\" data-elementor-id=\"212\" class=\"elementor elementor-212\">\n\t\t\t\t<div class=\"elementor-element elementor-element-8bc0b5b e-flex e-con-boxed e-con e-parent\" data-id=\"8bc0b5b\" data-element_type=\"container\">\n\t\t\t\t\t<div class=\"e-con-inner\">\n\t\t\t\t<div class=\"elementor-element elementor-element-d45558b elementor-widget__width-auto elementor-widget elementor-widget-heading\" data-id=\"d45558b\" data-element_type=\"widget\" data-widget_type=\"heading.default\">\n\t\t\t\t<div class=\"elementor-widget-container\">\n\t\t\t<h1 class=\"elementor-heading-title elementor-size-default\">Nowa inwestycja w Rewie \u2013 luksusowe apartamenty nad morzem<\/h1>\t\t<\/div>\n\t\t\t\t<\/div>\n\t\t\t\t\t<\/div>\n\t\t\t\t<\/div>\n\t\t<div class=\"elementor-element elementor-element-35622ee e-flex e-con-boxed e-con e-parent\" data-id=\"35622ee\" data-element_type=\"container\">\n\t\t\t\t\t<div class=\"e-con-inner\">\n\t\t\t\t<div class=\"elementor-element elementor-element-c57154b elementor-widget elementor-widget-text-editor\" data-id=\"c57154b\" data-element_type=\"widget\" data-widget_type=\"text-editor.default\">\n\t\t\t\t<div class=\"elementor-widget-container\">\n\t\t\t\t\t\t\t<h6 style=\"text-align: center;\">NOwe apartamenty w Rewie to doskona\u0142a okazja zar\u00f3wno dla os\u00f3b poszukuj\u0105cych w\u0142asnego miejsca nad morzem, jak i dla inwestor\u00f3w zainteresowanych wynajmem nieruchomo\u015bci. Dzi\u0119ki rozwijaj\u0105cej si\u0119 infrastrukturze turystycznej oraz rosn\u0105cej popularno\u015bci regionu, zakup apartamentu w tej lokalizacji to pewna inwestycja o wysokiej stopie zwrotu.<br \/>W SWOJEJ OFERCIE POSIADAMY APARTAMENTY INWESTYCYJNE ORAZ DOMY W ZABUDOWIE BLI\u0179NIACZEJ<\/h6><p>\u00a0<\/p>\t\t\t\t\t\t<\/div>\n\t\t\t\t<\/div>\n\t\t\t\t\t<\/div>\n\t\t\t\t<\/div>\n\t\t<div class=\"elementor-element elementor-element-2924835 e-flex e-con-boxed e-con e-parent\" data-id=\"2924835\" data-element_type=\"container\">\n\t\t\t\t\t<div class=\"e-con-inner\">\n\t\t\t\t<div class=\"elementor-element elementor-element-c16f5f9 elementor-widget elementor-widget-image\" data-id=\"c16f5f9\" data-element_type=\"widget\" data-widget_type=\"image.default\">\n\t\t\t\t<div class=\"elementor-widget-container\">\n\t\t\t\t\t\t\t\t\t\t\t\t\t<img fetchpriority=\"high\" decoding=\"async\" width=\"1024\" height=\"699\" src=\"https:\/\/novareva.pl\/wp-content\/uploads\/2025\/02\/1-STRONA-GLOWNA-1024x699.jpg\" class=\"attachment-large size-large wp-image-205\" alt=\"\" srcset=\"https:\/\/novareva.pl\/wp-content\/uploads\/2025\/02\/1-STRONA-GLOWNA-1024x699.jpg 1024w, https:\/\/novareva.pl\/wp-content\/uploads\/2025\/02\/1-STRONA-GLOWNA-300x205.jpg 300w, https:\/\/novareva.pl\/wp-content\/uploads\/2025\/02\/1-STRONA-GLOWNA-768x524.jpg 768w, https:\/\/novareva.pl\/wp-content\/uploads\/2025\/02\/1-STRONA-GLOWNA-1536x1049.jpg 1536w, https:\/\/novareva.pl\/wp-content\/uploads\/2025\/02\/1-STRONA-GLOWNA-2048x1398.jpg 2048w\" sizes=\"(max-width: 1024px) 100vw, 1024px\" \/>\t\t\t\t\t\t\t\t\t\t\t\t\t<\/div>\n\t\t\t\t<\/div>\n\t\t\t\t\t<\/div>\n\t\t\t\t<\/div>\n\t\t<div class=\"elementor-element elementor-element-3aa3e31 e-con-full e-flex e-con e-parent\" data-id=\"3aa3e31\" data-element_type=\"container\">\n\t\t\t\t<div class=\"elementor-element elementor-element-f9cb565 elementor-widget elementor-widget-image\" data-id=\"f9cb565\" data-element_type=\"widget\" data-widget_type=\"image.default\">\n\t\t\t\t<div class=\"elementor-widget-container\">\n\t\t\t\t\t\t\t\t\t\t\t\t\t<img decoding=\"async\" width=\"1024\" height=\"652\" src=\"https:\/\/novareva.pl\/wp-content\/uploads\/2025\/02\/blizniaki-1024x652.jpg\" class=\"attachment-large size-large wp-image-214\" alt=\"\" srcset=\"https:\/\/novareva.pl\/wp-content\/uploads\/2025\/02\/blizniaki-1024x652.jpg 1024w, https:\/\/novareva.pl\/wp-content\/uploads\/2025\/02\/blizniaki-300x191.jpg 300w, https:\/\/novareva.pl\/wp-content\/uploads\/2025\/02\/blizniaki-768x489.jpg 768w, https:\/\/novareva.pl\/wp-content\/uploads\/2025\/02\/blizniaki-1536x978.jpg 1536w, https:\/\/novareva.pl\/wp-content\/uploads\/2025\/02\/blizniaki-2048x1303.jpg 2048w\" sizes=\"(max-width: 1024px) 100vw, 1024px\" \/>\t\t\t\t\t\t\t\t\t\t\t\t\t<\/div>\n\t\t\t\t<\/div>\n\t\t\t\t<\/div>\n\t\t<div class=\"elementor-element elementor-element-5f1d5fa e-grid e-con-boxed e-con e-parent\" data-id=\"5f1d5fa\" data-element_type=\"container\">\n\t\t\t\t\t<div class=\"e-con-inner\">\n\t\t\t\t<div class=\"elementor-element elementor-element-265fe8d elementor-widget elementor-widget-text-editor\" data-id=\"265fe8d\" data-element_type=\"widget\" data-widget_type=\"text-editor.default\">\n\t\t\t\t<div class=\"elementor-widget-container\">\n\t\t\t\t\t\t\t<h6>Rewa to wyj\u0105tkowe miejsce, kt\u00f3re zachwyca naturalnym pi\u0119knem i spokojem. W\u0105ski pas l\u0105du mi\u0119dzy Zatok\u0105 Puck\u0105 a otwartym Ba\u0142tykiem tworzy niepowtarzalny krajobraz i oferuje doskona\u0142e warunki do uprawiania sport\u00f3w wodnych, takich jak kitesurfing czy windsurfing. Nowa inwestycja powstaje w bezpo\u015brednim s\u0105siedztwie pla\u017cy, co zapewnia przysz\u0142ym mieszka\u0144com niesamowite widoki oraz \u0142atwy dost\u0119p do morskich atrakcji.<\/h6>\t\t\t\t\t\t<\/div>\n\t\t\t\t<\/div>\n\t\t\t\t<div class=\"elementor-element elementor-element-4611dc7 elementor-widget elementor-widget-google_maps\" data-id=\"4611dc7\" data-element_type=\"widget\" data-widget_type=\"google_maps.default\">\n\t\t\t\t<div class=\"elementor-widget-container\">\n\t\t\t\t\t<div class=\"elementor-custom-embed\">\n\t\t\t<iframe loading=\"lazy\"\n\t\t\t\t\tsrc=\"https:\/\/maps.google.com\/maps?q=Rewa&#038;t=m&#038;z=13&#038;output=embed&#038;iwloc=near\"\n\t\t\t\t\ttitle=\"Rewa\"\n\t\t\t\t\taria-label=\"Rewa\"\n\t\t\t><\/iframe>\n\t\t<\/div>\n\t\t\t\t<\/div>\n\t\t\t\t<\/div>\n\t\t\t\t\t<\/div>\n\t\t\t\t<\/div>\n\t\t<div class=\"elementor-element elementor-element-c4a78b4 e-flex e-con-boxed e-con e-parent\" data-id=\"c4a78b4\" data-element_type=\"container\">\n\t\t\t\t\t<div class=\"e-con-inner\">\n\t\t\t\t<div class=\"elementor-element elementor-element-8f4b681 elementor-widget elementor-widget-text-editor\" data-id=\"8f4b681\" data-element_type=\"widget\" data-widget_type=\"text-editor.default\">\n\t\t\t\t<div class=\"elementor-widget-container\">\n\t\t\t\t\t\t\t<h6 style=\"text-align: center;\">WI\u0118CEJ INFORMACJI UDZIELAMY TELEFONICZNIE<\/h6><h6 style=\"text-align: center;\">MATEUSZ WOJCIECHOWSKI<\/h6><h6 style=\"text-align: center;\">TELEFON + 48 509 460 977<\/h6><h6 style=\"text-align: center;\">WHUTSUP + 48 509 460 977<\/h6><h6 style=\"text-align: center;\">MAIL: mateusz@mw-n.pl<\/h6><h6 style=\"text-align: center;\">BIURO SPRZEDA\u017bY DEWELOPERA<\/h6><h6 style=\"text-align: center;\">81-304 Gdynia ul. \u015al\u0105ska 53\/B310<\/h6>\t\t\t\t\t\t<\/div>\n\t\t\t\t<\/div>\n\t\t\t\t\t<\/div>\n\t\t\t\t<\/div>\n\t\t<div class=\"elementor-element elementor-element-cf51fb2 e-flex e-con-boxed e-con e-parent\" data-id=\"cf51fb2\" data-element_type=\"container\">\n\t\t\t\t\t<div class=\"e-con-inner\">\n\t\t\t\t<div class=\"elementor-element elementor-element-d7f48c6 elementor-widget elementor-widget-google_maps\" data-id=\"d7f48c6\" data-element_type=\"widget\" data-widget_type=\"google_maps.default\">\n\t\t\t\t<div class=\"elementor-widget-container\">\n\t\t\t\t\t<div class=\"elementor-custom-embed\">\n\t\t\t<iframe loading=\"lazy\"\n\t\t\t\t\tsrc=\"https:\/\/maps.google.com\/maps?q=%C5%9Al%C4%85ska%2053B%2F310&#038;t=m&#038;z=15&#038;output=embed&#038;iwloc=near\"\n\t\t\t\t\ttitle=\"\u015al\u0105ska 53B\/310\"\n\t\t\t\t\taria-label=\"\u015al\u0105ska 53B\/310\"\n\t\t\t><\/iframe>\n\t\t<\/div>\n\t\t\t\t<\/div>\n\t\t\t\t<\/div>\n\t\t\t\t\t<\/div>\n\t\t\t\t<\/div>\n\t\t\t\t<\/div>\n\t\t","protected":false},"excerpt":{"rendered":"<p>Nowa inwestycja w Rewie \u2013 luksusowe apartamenty nad morzem NOwe apartamenty w Rewie to doskona\u0142a okazja zar\u00f3wno dla os\u00f3b poszukuj\u0105cych w\u0142asnego miejsca nad morzem, jak i dla inwestor\u00f3w zainteresowanych wynajmem nieruchomo\u015bci. Dzi\u0119ki rozwijaj\u0105cej si\u0119 infrastrukturze turystycznej oraz rosn\u0105cej popularno\u015bci regionu, zakup apartamentu w tej lokalizacji to pewna inwestycja o wysokiej stopie zwrotu.W SWOJEJ OFERCIE POSIADAMY [&hellip;]<\/p>\n","protected":false},"author":1,"featured_media":0,"parent":0,"menu_order":0,"comment_status":"closed","ping_status":"closed","template":"","meta":{"footnotes":""},"class_list":["post-212","page","type-page","status-publish","hentry"],"_links":{"self":[{"href":"https:\/\/novareva.pl\/index.php?rest_route=\/wp\/v2\/pages\/212","targetHints":{"allow":["GET"]}}],"collection":[{"href":"https:\/\/novareva.pl\/index.php?rest_route=\/wp\/v2\/pages"}],"about":[{"href":"https:\/\/novareva.pl\/index.php?rest_route=\/wp\/v2\/types\/page"}],"author":[{"embeddable":true,"href":"https:\/\/novareva.pl\/index.php?rest_route=\/wp\/v2\/users\/1"}],"replies":[{"embeddable":true,"href":"https:\/\/novareva.pl\/index.php?rest_route=%2Fwp%2Fv2%2Fcomments&post=212"}],"version-history":[{"count":44,"href":"https:\/\/novareva.pl\/index.php?rest_route=\/wp\/v2\/pages\/212\/revisions"}],"predecessor-version":[{"id":288,"href":"https:\/\/novareva.pl\/index.php?rest_route=\/wp\/v2\/pages\/212\/revisions\/288"}],"wp:attachment":[{"href":"https:\/\/novareva.pl\/index.php?rest_route=%2Fwp%2Fv2%2Fmedia&parent=212"}],"curies":[{"name":"wp","href":"https:\/\/api.w.org\/{rel}","templated":true}]}}